{"id":942,"date":"2025-04-15T17:02:06","date_gmt":"2025-04-15T15:02:06","guid":{"rendered":"https:\/\/monstersdream.com\/?page_id=942"},"modified":"2025-04-15T17:05:45","modified_gmt":"2025-04-15T15:05:45","slug":"polityka-cookie","status":"publish","type":"page","link":"https:\/\/monstersdream.com\/en\/polityka-cookie\/","title":{"rendered":"Polityka Cookie"},"content":{"rendered":"<div data-elementor-type=\"wp-page\" data-elementor-id=\"942\" class=\"elementor elementor-942\" data-elementor-post-type=\"page\">\n\t\t\t\t<div class=\"elementor-element elementor-element-6a1a679 e-flex e-con-boxed e-con e-parent\" data-id=\"6a1a679\" data-element_type=\"container\" data-e-type=\"container\">\n\t\t\t\t\t<div class=\"e-con-inner\">\n\t\t\t\t<div class=\"elementor-element elementor-element-32d9ec7 elementor-widget elementor-widget-heading\" data-id=\"32d9ec7\" data-element_type=\"widget\" data-e-type=\"widget\" data-widget_type=\"heading.default\">\n\t\t\t\t<div class=\"elementor-widget-container\">\n\t\t\t\t\t<h1 class=\"elementor-heading-title elementor-size-default\">Polityka Cookie<\/h1>\t\t\t\t<\/div>\n\t\t\t\t<\/div>\n\t\t\t\t<div class=\"elementor-element elementor-element-152e1e9 policy elementor-widget elementor-widget-text-editor\" data-id=\"152e1e9\" data-element_type=\"widget\" data-e-type=\"widget\" data-widget_type=\"text-editor.default\">\n\t\t\t\t<div class=\"elementor-widget-container\">\n\t\t\t\t\t\t\t\t\t<p style=\"text-align: center;\"><strong>\u00a71 Wst\u0119p<\/strong><\/p>\n<ol>\n<li>Serwis monstersdream.com u\u017cywa plik\u00f3w cookies.<\/li>\n<li>Administratorem Serwisu pod adresem monstersdream.com jest IZABELA MR\u00d3WCZY\u0143SKA-GRANIAK, prowadz\u0105ca dzia\u0142alno\u015b\u0107 gospodarcz\u0105 pod firm\u0105 VIRINA IZABELA MR\u00d3WCZY\u0143SKA-GRANIAK, ul. Daleka 6F\/1, 05-825 Grodzisk Mazowiecki . Dzia\u0142alno\u015b\u0107 gospodarcza jest wpisana do Centralnej Ewidencji i Informacji o Dzia\u0142alno\u015bci Gospodarczej pod numerem NIP: 7441576690, REGON 385563130.<\/li>\n<li>Dokument okre\u015bla zasady funkcjonowania i wykorzystywania plik\u00f3w cookies w Serwisie monstersdream.com.<\/li>\n<li>Kontakt z osob\u0105 nadzoruj\u0105c\u0105 przetwarzanie danych osobowych w organizacji jest mo\u017cliwy drog\u0105 elektroniczn\u0105 pod adresem e-mail: pawel@monstersdream.com, pisemnie na adres Administratora lub telefonicznie pod numerem telefonu +48 507 342 705.<\/li>\n<\/ol>\n<p style=\"text-align: center;\"><strong>\u00a72 Definicje<\/strong><\/p>\n<ol>\n<li>Administrator \u2013 IZABELA MR\u00d3WCZY\u0143SKA-GRANIAK, prowadz\u0105ca dzia\u0142alno\u015b\u0107 gospodarcz\u0105 pod firm\u0105 VIRINA IZABELA MR\u00d3WCZY\u0143SKA-GRANIAK, ul. Daleka 6F\/1, 05-825 Grodzisk Mazowiecki . Dzia\u0142alno\u015b\u0107 gospodarcza jest wpisana do Centralnej Ewidencji i Informacji o Dzia\u0142alno\u015bci Gospodarczej pod numerem NIP: 7441576690, REGON 385563130<\/li>\n<li>Baner Cookies \u2013 interfejs wy\u015bwietlany U\u017cytkownikowi podczas pierwszej wizyty w Serwisie, umo\u017cliwiaj\u0105cy zarz\u0105dzanie zgodami na stosowanie plik\u00f3w cookies oraz podobnych technologii. Baner Cookies pozwala na akceptacj\u0119, odrzucenie lub dostosowanie ustawie\u0144 dotycz\u0105cych poszczeg\u00f3lnych kategorii plik\u00f3w cookies. Jest on dost\u0119pny w dowolnym momencie poprzez link umieszczony w Serwisie.<\/li>\n<li>Dane osobowe \u2013 informacje&nbsp; o&nbsp; osobie&nbsp; fizycznej&nbsp; zidentyfikowanej&nbsp; lub&nbsp; mo\u017cliwej&nbsp; do zidentyfikowania poprzez jeden b\u0105d\u017a kilka szczeg\u00f3lnych czynnik\u00f3w okre\u015blaj\u0105cych fizyczn\u0105, fizjologiczn\u0105,&nbsp; genetyczn\u0105,&nbsp; psychiczn\u0105,&nbsp; ekonomiczn\u0105,&nbsp; kulturow\u0105&nbsp; lub&nbsp; spo\u0142eczn\u0105&nbsp; to\u017csamo\u015b\u0107,&nbsp; w tym IP urz\u0105dzenia, identyfikator internetowy oraz informacje gromadzone za po\u015brednictwem&nbsp; plik\u00f3w cookie oraz innej podobnej technologii.<\/li>\n<li>Polityka \u2013 niniejsza Polityka Cookies.<\/li>\n<li>Pliki cookies (tzw. \u201eciasteczka&#8221;) to ma\u0142e pliki tekstowe zawieraj\u0105ce fragmenty kodu, kt\u00f3re s\u0105 zapisywane na urz\u0105dzeniu U\u017cytkownika podczas przegl\u0105dania Serwisu. W zale\u017cno\u015bci od ich funkcji pliki cookies mog\u0105 by\u0107 tymczasowe (sesyjne, usuwane po zamkni\u0119ciu przegl\u0105darki) lub trwa\u0142e (przechowywane przez okre\u015blony czas). W przypadku niekt\u00f3rych plik\u00f3w cookies, ich zawarto\u015b\u0107 mo\u017ce by\u0107 automatycznie przesy\u0142ana do serwera Serwisu lub serwera podmiotu trzeciego przy ka\u017cdym \u017c\u0105daniu przegl\u0105darki.<\/li>\n<li>Local Storage oraz Session Storage to technologie umo\u017cliwiaj\u0105ce przechowywanie danych w przegl\u0105darce u\u017cytkownika. W przeciwie\u0144stwie do plik\u00f3w cookies, te dane nie s\u0105 automatycznie wysy\u0142ane do serwera przy ka\u017cdym \u017c\u0105daniu. Mo\u017cesz zarz\u0105dza\u0107 ich przechowywaniem w ustawieniach swojej przegl\u0105darki.<\/li>\n<li>RODO \/ Rozporz\u0105dzenie RODO \u2013 rozporz\u0105dzenie Parlamentu Europejskiego i Rady (UE) 2016\/679 z 27.04.2016 r. w sprawie ochrony os\u00f3b fizycznych w zwi\u0105zku z przetwarzaniem danych osobowych i w sprawie swobodnego przep\u0142ywu takich danych oraz uchylenia dyrektywy 95\/46\/WE.<\/li>\n<li>Serwis \u2013 serwis internetowy prowadzony przez Administratora pod adresem monstersdream.com.<\/li>\n<li>U\u017cytkownik \u2013 ka\u017cda osoba fizyczna odwiedzaj\u0105ca Serwis lub korzystaj\u0105ca z jednej albo kilku us\u0142ug czy funkcjonalno\u015bci opisanych w Polityce.&nbsp;<\/li>\n<\/ol>\n<p style=\"text-align: center;\"><strong><br><\/strong><\/p><p style=\"text-align: center;\"><strong>\u00a73 Cel przechowywania i uzyskiwania dost\u0119pu do informacji<\/strong><\/p>\n<ol>\n<li>W Serwisie wykorzystujemy pliki cookies oraz inne technologie przechowywania danych w przegl\u0105darce, takie jak localStorage oraz sessionStorage, kt\u00f3re umo\u017cliwiaj\u0105 zapisanie informacji na urz\u0105dzeniu U\u017cytkownika.<\/li>\n<li>Pliki cookies oraz podobne technologie mog\u0105 by\u0107 wykorzystywane w nast\u0119puj\u0105cych celach:\n<ol>\n<li>Reklamowe (ad_storage) &#8211; Umo\u017cliwiaj\u0105 przechowywanie danych powi\u0105zanych z reklamami.<\/li>\n<li>Preferencje reklam (ad_user_data) &#8211; Wskazuj\u0105 zgod\u0119 na wysy\u0142anie danych u\u017cytkownika m.in. do Google w celach zwi\u0105zanych z reklamami online.<\/li>\n<li>Personalizacja reklam (ad_personalization) &#8211; Powoduje wyra\u017cenie zgody na reklamy spersonalizowane.<\/li>\n<li>Analityczne (analytics_storage) &#8211; Umo\u017cliwiaj\u0105 przechowywanie danych, takich jak pliki cookie, zwi\u0105zane z analityk\u0105.<\/li>\n<li>Personalizacyjne (personalization_storage) &#8211; Umo\u017cliwiaj\u0105 przechowywanie danych zwi\u0105zanych z personalizacj\u0105 Serwisu.<\/li>\n<li>Funkcjonalne (functionality_storage) &#8211; Umo\u017cliwiaj\u0105 przechowywanie danych niezb\u0119dnych do prawid\u0142owego dzia\u0142ania Serwisu.<\/li>\n<li>Bezpiecze\u0144stwo (security_storage) &#8211; Umo\u017cliwiaj\u0105 przechowywanie danych zwi\u0105zanych z zabezpieczeniami czy uwierzytelnianiem.<\/li>\n<\/ol>\n<\/li>\n<\/ol>\n<p style=\"text-align: center;\"><strong>\u00a74 Stosowane pliki Cookie<\/strong><\/p>\n<ol>\n<li>W Serwisie wykorzystujemy pliki cookies.<\/li>\n<li>Szczeg\u00f3\u0142owe informacje na temat stosowanych plik\u00f3w cookies (np. ich cel\u00f3w, czasu przechowywania lub dostawc\u00f3w zewn\u0119trznych) znajduj\u0105 si\u0119 w naszym banerze cookies, kt\u00f3ry wy\u015bwietla si\u0119 przy pierwszej wizycie na stronie.<\/li>\n<li>Mo\u017cesz edytowa\u0107 lub cofn\u0105\u0107 wyra\u017cone w banerze cookies zgody w dowolnym momencie. Aby ponownie otworzy\u0107 baner cookies kliknij w odpowiedni link w formie graficznej lub tekstowej.<\/li>\n<\/ol>\n<p style=\"text-align: center;\"><strong>\u00a75 Zgoda na stosowanie plik\u00f3w cookies<\/strong><\/p>\n<ol>\n<li>Podczas wizyty w Serwisie zostanie wy\u015bwietlony komunikat informuj\u0105cy (baner cookies), \u017ce wykorzystuje on pliki cookies. Istnieje mo\u017cliwo\u015b\u0107 odrzucenia plik\u00f3w cookies oraz ich modyfikowania.<\/li>\n<\/ol>\n<p style=\"text-align: center;\"><strong>\u00a76 Modyfikowanie ustawie\u0144 plik\u00f3w cookies<\/strong><\/p>\n<ol>\n<li>Zgoda u\u017cytkownika mo\u017ce zosta\u0107 cofni\u0119ta w dowolnym momencie. Wycofanie zgody nie wp\u0142ywa na zgodno\u015b\u0107 z prawem przetwarzania, kt\u00f3rego dokonano na podstawie zgody przed jej wycofaniem. Zgodami na wykorzystywanie plik\u00f3w cookies mo\u017cna zarz\u0105dza\u0107 za po\u015brednictwem ustawie\u0144 prywatno\u015bci na stronie w banerze cookies lub za pomoc\u0105 swojej przegl\u0105darki internetowej.<\/li>\n<li>Poni\u017cej wskazujemy spos\u00f3b zmiany ustawie\u0144 cookies w najbardziej popularnych wyszukiwarkach:\n<ol>\n<li>Google Chrome: Menu &gt; Ustawienia &gt; Prywatno\u015b\u0107 i bezpiecze\u0144stwo \u2013 nale\u017cy wybra\u0107 odpowiedni\u0105 opcj\u0119.<\/li>\n<li>Internet Explorer: Menu &gt; Ustawienia &gt; Pliki cookie i uprawnienia witryny \u2013 nale\u017cy wybra\u0107 odpowiedni\u0105 opcj\u0119.<\/li>\n<li>Mozilla Firefox: Menu &gt; Preferencje &gt; Prywatno\u015b\u0107 i bezpiecze\u0144stwo &gt; Ciasteczka i dane witryn \u2013 nale\u017cy wybra\u0107 odpowiedni\u0105 opcj\u0119.<\/li>\n<li>Opera: Menu &gt; Ustawienia &gt; Prywatno\u015b\u0107 i bezpiecze\u0144stwo \u2013 nale\u017cy wybra\u0107 odpowiedni\u0105 opcj\u0119.<\/li>\n<li>Safari: Menu &gt; Preferencje &gt; Prywatno\u015b\u0107 &gt; Pliki cookies \u2013 nale\u017cy wybra\u0107 odpowiedni\u0105 opcj\u0119.<\/li>\n<\/ol>\n<\/li>\n<li>Brak wyra\u017cenia zgody na pliki cookies mo\u017ce ogranicza\u0107 dzia\u0142anie niekt\u00f3rych funkcjonalno\u015bci na Stronie.<\/li>\n<\/ol>\n<p style=\"text-align: center;\"><strong>\u00a77 Zmiany Polityki cookies<\/strong><\/p>\n<ol>\n<li>Zmiany plik\u00f3w cookies b\u0119d\u0105 na bie\u017c\u0105co aktualizowane w okienku do zarz\u0105dzania zgodami cookies w Serwisie.<\/li>\n<li>Polityka jest na bie\u017c\u0105co weryfikowana i aktualizowana.<\/li>\n<li>Aktualna wersja Polityki zosta\u0142a przyj\u0119ta i obowi\u0105zuje od 2025-04-11.<\/li>\n<\/ol>\t\t\t\t\t\t\t\t<\/div>\n\t\t\t\t<\/div>\n\t\t\t\t\t<\/div>\n\t\t\t\t<\/div>\n\t\t\t\t<\/div>","protected":false},"excerpt":{"rendered":"<p>\u00a71 Wst\u0119p Serwis monstersdream.com u\u017cywa plik\u00f3w cookies. Administratorem Serwisu pod adresem monstersdream.com jest IZABELA MR\u00d3WCZY\u0143SKA-GRANIAK, prowadz\u0105ca dzia\u0142alno\u015b\u0107 gospodarcz\u0105 pod firm\u0105 VIRINA IZABELA MR\u00d3WCZY\u0143SKA-GRANIAK, ul. Daleka 6F\/1, 05-825 Grodzisk Mazowiecki . Dzia\u0142alno\u015b\u0107 gospodarcza jest wpisana do Centralnej Ewidencji i Informacji o Dzia\u0142alno\u015bci Gospodarczej pod numerem NIP: 7441576690, REGON 385563130. Dokument okre\u015bla zasady funkcjonowania i wykorzystywania plik\u00f3w [&hellip;]<\/p>","protected":false},"author":1,"featured_media":0,"parent":0,"menu_order":0,"comment_status":"closed","ping_status":"closed","template":"","meta":{"footnotes":""},"class_list":["post-942","page","type-page","status-publish","hentry"],"_links":{"self":[{"href":"https:\/\/monstersdream.com\/en\/wp-json\/wp\/v2\/pages\/942","targetHints":{"allow":["GET"]}}],"collection":[{"href":"https:\/\/monstersdream.com\/en\/wp-json\/wp\/v2\/pages"}],"about":[{"href":"https:\/\/monstersdream.com\/en\/wp-json\/wp\/v2\/types\/page"}],"author":[{"embeddable":true,"href":"https:\/\/monstersdream.com\/en\/wp-json\/wp\/v2\/users\/1"}],"replies":[{"embeddable":true,"href":"https:\/\/monstersdream.com\/en\/wp-json\/wp\/v2\/comments?post=942"}],"version-history":[{"count":8,"href":"https:\/\/monstersdream.com\/en\/wp-json\/wp\/v2\/pages\/942\/revisions"}],"predecessor-version":[{"id":952,"href":"https:\/\/monstersdream.com\/en\/wp-json\/wp\/v2\/pages\/942\/revisions\/952"}],"wp:attachment":[{"href":"https:\/\/monstersdream.com\/en\/wp-json\/wp\/v2\/media?parent=942"}],"curies":[{"name":"wp","href":"https:\/\/api.w.org\/{rel}","templated":true}]}}