{"id":744,"date":"2025-04-10T07:19:18","date_gmt":"2025-04-10T05:19:18","guid":{"rendered":"https:\/\/monstersdream.com\/?page_id=744"},"modified":"2026-04-08T11:06:42","modified_gmt":"2026-04-08T09:06:42","slug":"wsparcie","status":"publish","type":"page","link":"https:\/\/monstersdream.com\/en\/contribute\/","title":{"rendered":"Contribute"},"content":{"rendered":"<div data-elementor-type=\"wp-page\" data-elementor-id=\"744\" class=\"elementor elementor-744\" data-elementor-post-type=\"page\">\n\t\t\t\t<div class=\"elementor-element elementor-element-2460bcc9 e-con-full e-flex e-con e-parent\" data-id=\"2460bcc9\" data-element_type=\"container\" data-e-type=\"container\" data-settings=\"{&quot;background_background&quot;:&quot;classic&quot;}\">\n\t\t<div class=\"elementor-element elementor-element-7b3cfd7a e-flex e-con-boxed e-con e-child\" data-id=\"7b3cfd7a\" data-element_type=\"container\" data-e-type=\"container\">\n\t\t\t\t\t<div class=\"e-con-inner\">\n\t\t<div class=\"elementor-element elementor-element-250ab0ad e-flex e-con-boxed e-con e-child\" data-id=\"250ab0ad\" data-element_type=\"container\" data-e-type=\"container\" data-settings=\"{&quot;background_background&quot;:&quot;gradient&quot;}\">\n\t\t\t\t\t<div class=\"e-con-inner\">\n\t\t\t\t<div class=\"elementor-element elementor-element-1f70aba7 elementor-invisible elementor-widget elementor-widget-heading\" data-id=\"1f70aba7\" data-element_type=\"widget\" data-e-type=\"widget\" data-settings=\"{&quot;_animation&quot;:&quot;fadeInDown&quot;}\" data-widget_type=\"heading.default\">\n\t\t\t\t<div class=\"elementor-widget-container\">\n\t\t\t\t\t<h1 class=\"elementor-heading-title elementor-size-default\">Contribute<\/h1>\t\t\t\t<\/div>\n\t\t\t\t<\/div>\n\t\t\t\t<div class=\"elementor-element elementor-element-1a0eca4b elementor-invisible elementor-widget elementor-widget-heading\" data-id=\"1a0eca4b\" data-element_type=\"widget\" data-e-type=\"widget\" data-settings=\"{&quot;_animation&quot;:&quot;fadeInUp&quot;,&quot;_animation_delay&quot;:200}\" data-widget_type=\"heading.default\">\n\t\t\t\t<div class=\"elementor-widget-container\">\n\t\t\t\t\t<h4 class=\"elementor-heading-title elementor-size-default\">Join the world of dreams and nightmares \u2013 support the creation of Monster\u2019s Dream.\n\n\n\n\n\n\n<\/h4>\t\t\t\t<\/div>\n\t\t\t\t<\/div>\n\t\t\t\t\t<\/div>\n\t\t\t\t<\/div>\n\t\t\t\t\t<\/div>\n\t\t\t\t<\/div>\n\t\t\t\t<\/div>\n\t\t<div class=\"elementor-element elementor-element-4dbaee68 e-flex e-con-boxed e-con e-parent\" data-id=\"4dbaee68\" data-element_type=\"container\" data-e-type=\"container\">\n\t\t\t\t\t<div class=\"e-con-inner\">\n\t\t<div class=\"elementor-element elementor-element-63e98e6d e-con-full e-flex elementor-invisible e-con e-child\" data-id=\"63e98e6d\" data-element_type=\"container\" data-e-type=\"container\" data-settings=\"{&quot;animation&quot;:&quot;fadeInLeft&quot;}\">\n\t\t\t\t<div class=\"elementor-element elementor-element-139504 elementor-widget elementor-widget-heading\" data-id=\"139504\" data-element_type=\"widget\" data-e-type=\"widget\" data-widget_type=\"heading.default\">\n\t\t\t\t<div class=\"elementor-widget-container\">\n\t\t\t\t\t<h6 class=\"elementor-heading-title elementor-size-default\">MONSTER's DREAM<\/h6>\t\t\t\t<\/div>\n\t\t\t\t<\/div>\n\t\t\t\t<div class=\"elementor-element elementor-element-359f433 elementor-widget elementor-widget-heading\" data-id=\"359f433\" data-element_type=\"widget\" data-e-type=\"widget\" data-widget_type=\"heading.default\">\n\t\t\t\t<div class=\"elementor-widget-container\">\n\t\t\t\t\t<h2 class=\"elementor-heading-title elementor-size-default\">Project Monster\u2019s Dream<\/h2>\t\t\t\t<\/div>\n\t\t\t\t<\/div>\n\t\t\t\t<div class=\"elementor-element elementor-element-421e7f9c elementor-widget elementor-widget-text-editor\" data-id=\"421e7f9c\" data-element_type=\"widget\" data-e-type=\"widget\" data-widget_type=\"text-editor.default\">\n\t\t\t\t<div class=\"elementor-widget-container\">\n\t\t\t\t\t\t\t\t\t<p>If you're interested in RPGs and enjoy the Dark Fantasy genre, you might be interested in our project.<\/p><p>We're preparing a campaign to back our game.<\/p><p><strong>A few words about it<\/strong>: A few words about it: Monster's Dream is a dark story with many choices. Players decide which side of the conflict they will choose and what role they will play in it.<\/p>\t\t\t\t\t\t\t\t<\/div>\n\t\t\t\t<\/div>\n\t\t\t\t<div class=\"elementor-element elementor-element-4bb4d41e elementor-hidden-desktop elementor-hidden-tablet elementor-hidden-mobile elementor-widget elementor-widget-button\" data-id=\"4bb4d41e\" data-element_type=\"widget\" data-e-type=\"widget\" data-widget_type=\"button.default\">\n\t\t\t\t<div class=\"elementor-widget-container\">\n\t\t\t\t\t\t\t\t\t<div class=\"elementor-button-wrapper\">\n\t\t\t\t\t<a class=\"elementor-button elementor-size-md\" role=\"button\">\n\t\t\t\t\t\t<span class=\"elementor-button-content-wrapper\">\n\t\t\t\t\t\t\t\t\t<span class=\"elementor-button-text\">Wesprzyj projekt<\/span>\n\t\t\t\t\t<\/span>\n\t\t\t\t\t<\/a>\n\t\t\t\t<\/div>\n\t\t\t\t\t\t\t\t<\/div>\n\t\t\t\t<\/div>\n\t\t\t\t<\/div>\n\t\t<div class=\"elementor-element elementor-element-15bd74a3 e-con-full e-flex elementor-invisible e-con e-child\" data-id=\"15bd74a3\" data-element_type=\"container\" data-e-type=\"container\" data-settings=\"{&quot;animation&quot;:&quot;fadeInRight&quot;}\">\n\t\t\t\t<div class=\"elementor-element elementor-element-edd7aad elementor-widget elementor-widget-image\" data-id=\"edd7aad\" data-element_type=\"widget\" data-e-type=\"widget\" data-widget_type=\"image.default\">\n\t\t\t\t<div class=\"elementor-widget-container\">\n\t\t\t\t\t\t\t\t\t\t\t\t\t\t\t<img fetchpriority=\"high\" decoding=\"async\" width=\"768\" height=\"432\" src=\"https:\/\/monstersdream.com\/wp-content\/uploads\/2026\/04\/wielka_puszcza_kolor-768x432.jpg\" class=\"attachment-medium_large size-medium_large wp-image-1002\" alt=\"wielka_puszcza\" srcset=\"https:\/\/monstersdream.com\/wp-content\/uploads\/2026\/04\/wielka_puszcza_kolor-768x432.jpg 768w, https:\/\/monstersdream.com\/wp-content\/uploads\/2026\/04\/wielka_puszcza_kolor-300x169.jpg 300w, https:\/\/monstersdream.com\/wp-content\/uploads\/2026\/04\/wielka_puszcza_kolor-1024x576.jpg 1024w, https:\/\/monstersdream.com\/wp-content\/uploads\/2026\/04\/wielka_puszcza_kolor-18x10.jpg 18w, https:\/\/monstersdream.com\/wp-content\/uploads\/2026\/04\/wielka_puszcza_kolor.jpg 1200w\" sizes=\"(max-width: 768px) 100vw, 768px\" \/>\t\t\t\t\t\t\t\t\t\t\t\t\t\t\t<\/div>\n\t\t\t\t<\/div>\n\t\t\t\t<div class=\"elementor-element elementor-element-904f752 elementor-widget elementor-widget-image\" data-id=\"904f752\" data-element_type=\"widget\" data-e-type=\"widget\" data-widget_type=\"image.default\">\n\t\t\t\t<div class=\"elementor-widget-container\">\n\t\t\t\t\t\t\t\t\t\t\t\t\t\t\t<img decoding=\"async\" width=\"768\" height=\"432\" src=\"https:\/\/monstersdream.com\/wp-content\/uploads\/2026\/04\/przymierze_kolor-768x432.jpg\" class=\"attachment-medium_large size-medium_large wp-image-1003\" alt=\"przymierze\" srcset=\"https:\/\/monstersdream.com\/wp-content\/uploads\/2026\/04\/przymierze_kolor-768x432.jpg 768w, https:\/\/monstersdream.com\/wp-content\/uploads\/2026\/04\/przymierze_kolor-300x169.jpg 300w, https:\/\/monstersdream.com\/wp-content\/uploads\/2026\/04\/przymierze_kolor-1024x576.jpg 1024w, https:\/\/monstersdream.com\/wp-content\/uploads\/2026\/04\/przymierze_kolor-18x10.jpg 18w, https:\/\/monstersdream.com\/wp-content\/uploads\/2026\/04\/przymierze_kolor.jpg 1200w\" sizes=\"(max-width: 768px) 100vw, 768px\" \/>\t\t\t\t\t\t\t\t\t\t\t\t\t\t\t<\/div>\n\t\t\t\t<\/div>\n\t\t\t\t<\/div>\n\t\t\t\t\t<\/div>\n\t\t\t\t<\/div>\n\t\t<div class=\"elementor-element elementor-element-73feb4d e-flex e-con-boxed e-con e-parent\" data-id=\"73feb4d\" data-element_type=\"container\" data-e-type=\"container\" data-settings=\"{&quot;background_background&quot;:&quot;classic&quot;}\">\n\t\t\t\t\t<div class=\"e-con-inner\">\n\t\t<div class=\"elementor-element elementor-element-a6263a6 e-con-full e-flex elementor-invisible e-con e-child\" data-id=\"a6263a6\" data-element_type=\"container\" data-e-type=\"container\" data-settings=\"{&quot;animation&quot;:&quot;fadeInRight&quot;}\">\n\t\t\t\t<div class=\"elementor-element elementor-element-fb5a8c9 elementor-widget elementor-widget-image\" data-id=\"fb5a8c9\" data-element_type=\"widget\" data-e-type=\"widget\" data-widget_type=\"image.default\">\n\t\t\t\t<div class=\"elementor-widget-container\">\n\t\t\t\t\t\t\t\t\t\t\t\t\t\t\t<img decoding=\"async\" width=\"1000\" height=\"1396\" src=\"https:\/\/monstersdream.com\/wp-content\/uploads\/2025\/04\/ilustracja_walka_monsters_dream.jpg\" class=\"attachment-full size-full wp-image-751\" alt=\"\" srcset=\"https:\/\/monstersdream.com\/wp-content\/uploads\/2025\/04\/ilustracja_walka_monsters_dream.jpg 1000w, https:\/\/monstersdream.com\/wp-content\/uploads\/2025\/04\/ilustracja_walka_monsters_dream-215x300.jpg 215w, https:\/\/monstersdream.com\/wp-content\/uploads\/2025\/04\/ilustracja_walka_monsters_dream-734x1024.jpg 734w, https:\/\/monstersdream.com\/wp-content\/uploads\/2025\/04\/ilustracja_walka_monsters_dream-768x1072.jpg 768w\" sizes=\"(max-width: 1000px) 100vw, 1000px\" \/>\t\t\t\t\t\t\t\t\t\t\t\t\t\t\t<\/div>\n\t\t\t\t<\/div>\n\t\t\t\t<\/div>\n\t\t<div class=\"elementor-element elementor-element-1f92764 e-con-full e-flex elementor-invisible e-con e-child\" data-id=\"1f92764\" data-element_type=\"container\" data-e-type=\"container\" data-settings=\"{&quot;animation&quot;:&quot;fadeInLeft&quot;}\">\n\t\t\t\t<div class=\"elementor-element elementor-element-a8035f8 elementor-widget elementor-widget-heading\" data-id=\"a8035f8\" data-element_type=\"widget\" data-e-type=\"widget\" data-widget_type=\"heading.default\">\n\t\t\t\t<div class=\"elementor-widget-container\">\n\t\t\t\t\t<h6 class=\"elementor-heading-title elementor-size-default\">MONSTER's DREAM<\/h6>\t\t\t\t<\/div>\n\t\t\t\t<\/div>\n\t\t\t\t<div class=\"elementor-element elementor-element-4141efe elementor-widget elementor-widget-heading\" data-id=\"4141efe\" data-element_type=\"widget\" data-e-type=\"widget\" data-widget_type=\"heading.default\">\n\t\t\t\t<div class=\"elementor-widget-container\">\n\t\t\t\t\t<h2 class=\"elementor-heading-title elementor-size-default\">What distinguishes Monster\u2019s Dream?<\/h2>\t\t\t\t<\/div>\n\t\t\t\t<\/div>\n\t\t\t\t<div class=\"elementor-element elementor-element-80fbbad elementor-widget elementor-widget-text-editor\" data-id=\"80fbbad\" data-element_type=\"widget\" data-e-type=\"widget\" data-widget_type=\"text-editor.default\">\n\t\t\t\t<div class=\"elementor-widget-container\">\n\t\t\t\t\t\t\t\t\t<p>Beneath the surface of reality lie additional layers, revealed during the journey into the psyche of this universe's inhabitants. Deeper reservoirs of the self lead the brave to encounters with what lurks behind the curtain of consciousness. Exploring the psyche is not a carefree adventure. By intruding into someone's inner world, we can influence their state of mind and decisions. However, the longer one remains behind the curtain of dreams, the more visible and susceptible one becomes to dark, ancient forces.<\/p><p>It's worth adding the motivations of the heroes, who don't fight just to survive another day, but to achieve extraordinary feats\u2014such as changing the political order of nations and indirectly influencing the course of battles.<\/p><p>If you find it interesting, we would be very grateful for your support of the project.<\/p>\t\t\t\t\t\t\t\t<\/div>\n\t\t\t\t<\/div>\n\t\t\t\t<div class=\"elementor-element elementor-element-17d9d1a elementor-hidden-desktop elementor-hidden-tablet elementor-hidden-mobile elementor-widget elementor-widget-button\" data-id=\"17d9d1a\" data-element_type=\"widget\" data-e-type=\"widget\" data-widget_type=\"button.default\">\n\t\t\t\t<div class=\"elementor-widget-container\">\n\t\t\t\t\t\t\t\t\t<div class=\"elementor-button-wrapper\">\n\t\t\t\t\t<a class=\"elementor-button elementor-button-link elementor-size-md\" href=\"#\">\n\t\t\t\t\t\t<span class=\"elementor-button-content-wrapper\">\n\t\t\t\t\t\t\t\t\t<span class=\"elementor-button-text\">Wesprzyj projekt<\/span>\n\t\t\t\t\t<\/span>\n\t\t\t\t\t<\/a>\n\t\t\t\t<\/div>\n\t\t\t\t\t\t\t\t<\/div>\n\t\t\t\t<\/div>\n\t\t\t\t<\/div>\n\t\t\t\t\t<\/div>\n\t\t\t\t<\/div>\n\t\t\t\t<\/div>","protected":false},"excerpt":{"rendered":"<p>Do\u0142\u0105cz do \u015bwiata sn\u00f3w i koszmar\u00f3w \u2013 wesprzyj powstanie Monster\u2019s Dream. MONSTER&#8217;s DREAM Projekt Monster\u2019s Dream Je\u015bli interesujesz si\u0119 grami RPGi i lubisz konwencj\u0119 Dark Fantasy, to mo\u017ce zainteresuje Ci\u0119 nasz projekt. Szykujemy kampani\u0119 wspieraj\u0105c\u0105 nasz\u0105 gr\u0119. Klika s\u0142\u00f3w o niej: Monster\u2019s Dream to mroczna opowie\u015b\u0107 stawiaj\u0105ca przed wieloma wyborami. Gracz sam decyduje, za kt\u00f3r\u0105 [&hellip;]<\/p>","protected":false},"author":1,"featured_media":0,"parent":0,"menu_order":0,"comment_status":"closed","ping_status":"closed","template":"","meta":{"footnotes":""},"class_list":["post-744","page","type-page","status-publish","hentry"],"_links":{"self":[{"href":"https:\/\/monstersdream.com\/en\/wp-json\/wp\/v2\/pages\/744","targetHints":{"allow":["GET"]}}],"collection":[{"href":"https:\/\/monstersdream.com\/en\/wp-json\/wp\/v2\/pages"}],"about":[{"href":"https:\/\/monstersdream.com\/en\/wp-json\/wp\/v2\/types\/page"}],"author":[{"embeddable":true,"href":"https:\/\/monstersdream.com\/en\/wp-json\/wp\/v2\/users\/1"}],"replies":[{"embeddable":true,"href":"https:\/\/monstersdream.com\/en\/wp-json\/wp\/v2\/comments?post=744"}],"version-history":[{"count":46,"href":"https:\/\/monstersdream.com\/en\/wp-json\/wp\/v2\/pages\/744\/revisions"}],"predecessor-version":[{"id":1009,"href":"https:\/\/monstersdream.com\/en\/wp-json\/wp\/v2\/pages\/744\/revisions\/1009"}],"wp:attachment":[{"href":"https:\/\/monstersdream.com\/en\/wp-json\/wp\/v2\/media?parent=744"}],"curies":[{"name":"wp","href":"https:\/\/api.w.org\/{rel}","templated":true}]}}