{"id":497,"date":"2025-02-21T10:46:10","date_gmt":"2025-02-21T09:46:10","guid":{"rendered":"http:\/\/monstersdream.com\/?page_id=497"},"modified":"2025-04-30T09:21:25","modified_gmt":"2025-04-30T07:21:25","slug":"katarzyna-mairer","status":"publish","type":"page","link":"https:\/\/monstersdream.com\/en\/about\/katarzyna-mairer\/","title":{"rendered":"Katarzyna Mairer"},"content":{"rendered":"<div data-elementor-type=\"wp-page\" data-elementor-id=\"497\" class=\"elementor elementor-497\" data-elementor-post-type=\"page\">\n\t\t\t\t<div class=\"elementor-element elementor-element-3ed38dc e-con-full e-flex e-con e-parent\" data-id=\"3ed38dc\" data-element_type=\"container\" data-e-type=\"container\" data-settings=\"{&quot;background_background&quot;:&quot;classic&quot;}\">\n\t\t<div class=\"elementor-element elementor-element-9c3c3ef e-flex e-con-boxed e-con e-child\" data-id=\"9c3c3ef\" data-element_type=\"container\" data-e-type=\"container\">\n\t\t\t\t\t<div class=\"e-con-inner\">\n\t\t<div class=\"elementor-element elementor-element-f5c61a7 e-flex e-con-boxed e-con e-child\" data-id=\"f5c61a7\" data-element_type=\"container\" data-e-type=\"container\" data-settings=\"{&quot;background_background&quot;:&quot;gradient&quot;}\">\n\t\t\t\t\t<div class=\"e-con-inner\">\n\t\t\t\t<div class=\"elementor-element elementor-element-e91a6f0 elementor-invisible elementor-widget elementor-widget-heading\" data-id=\"e91a6f0\" data-element_type=\"widget\" data-e-type=\"widget\" data-settings=\"{&quot;_animation&quot;:&quot;fadeInDown&quot;}\" data-widget_type=\"heading.default\">\n\t\t\t\t<div class=\"elementor-widget-container\">\n\t\t\t\t\t<h1 class=\"elementor-heading-title elementor-size-default\">Katarzyna Mairer<\/h1>\t\t\t\t<\/div>\n\t\t\t\t<\/div>\n\t\t\t\t<div class=\"elementor-element elementor-element-dca84f8 elementor-icon-list--layout-inline elementor-align-center elementor-list-item-link-full_width elementor-widget elementor-widget-icon-list\" data-id=\"dca84f8\" data-element_type=\"widget\" data-e-type=\"widget\" data-widget_type=\"icon-list.default\">\n\t\t\t\t<div class=\"elementor-widget-container\">\n\t\t\t\t\t\t\t<ul class=\"elementor-icon-list-items elementor-inline-items\">\n\t\t\t\t\t\t\t<li class=\"elementor-icon-list-item elementor-inline-item\">\n\t\t\t\t\t\t\t\t\t\t\t<a href=\"https:\/\/monstersdream.com\/en\/about\/\">\n\n\t\t\t\t\t\t\t\t\t\t\t\t<span class=\"elementor-icon-list-icon\">\n\t\t\t\t\t\t\t<i aria-hidden=\"true\" class=\"arrow_left\"><\/i>\t\t\t\t\t\t<\/span>\n\t\t\t\t\t\t\t\t\t\t<span class=\"elementor-icon-list-text\">About us<\/span>\n\t\t\t\t\t\t\t\t\t\t\t<\/a>\n\t\t\t\t\t\t\t\t\t<\/li>\n\t\t\t\t\t\t<\/ul>\n\t\t\t\t\t\t<\/div>\n\t\t\t\t<\/div>\n\t\t\t\t\t<\/div>\n\t\t\t\t<\/div>\n\t\t\t\t\t<\/div>\n\t\t\t\t<\/div>\n\t\t\t\t<\/div>\n\t\t<div class=\"elementor-element elementor-element-63f564eb e-flex e-con-boxed e-con e-parent\" data-id=\"63f564eb\" data-element_type=\"container\" data-e-type=\"container\" data-settings=\"{&quot;background_background&quot;:&quot;classic&quot;}\">\n\t\t\t\t\t<div class=\"e-con-inner\">\n\t\t<div class=\"elementor-element elementor-element-48f0a002 e-con-full e-flex elementor-invisible e-con e-child\" data-id=\"48f0a002\" data-element_type=\"container\" data-e-type=\"container\" data-settings=\"{&quot;animation&quot;:&quot;fadeInLeft&quot;}\">\n\t\t\t\t<div class=\"elementor-element elementor-element-4d441e58 elementor-widget elementor-widget-heading\" data-id=\"4d441e58\" data-element_type=\"widget\" data-e-type=\"widget\" data-widget_type=\"heading.default\">\n\t\t\t\t<div class=\"elementor-widget-container\">\n\t\t\t\t\t<h6 class=\"elementor-heading-title elementor-size-default\">IlLustrator<\/h6>\t\t\t\t<\/div>\n\t\t\t\t<\/div>\n\t\t\t\t<div class=\"elementor-element elementor-element-40f90714 elementor-widget elementor-widget-heading\" data-id=\"40f90714\" data-element_type=\"widget\" data-e-type=\"widget\" data-widget_type=\"heading.default\">\n\t\t\t\t<div class=\"elementor-widget-container\">\n\t\t\t\t\t<h2 class=\"elementor-heading-title elementor-size-default\">Katarzyna Mairer<\/h2>\t\t\t\t<\/div>\n\t\t\t\t<\/div>\n\t\t\t\t<div class=\"elementor-element elementor-element-dd059c5 elementor-widget elementor-widget-text-editor\" data-id=\"dd059c5\" data-element_type=\"widget\" data-e-type=\"widget\" data-widget_type=\"text-editor.default\">\n\t\t\t\t<div class=\"elementor-widget-container\">\n\t\t\t\t\t\t\t\t\t<p>Since 2020, she has been working as a freelancer, continuously developing her craft. She has experience with both commercial and non-commercial projects and is an alumna of Concept Art Master.<\/p><p>She has been engaged in Digital Painting and Concept Art for over 7 years. She creates illustrations and concepts for private commissions and has previously collaborated with various companies involved in the broader field of design. She is currently working as a concept artist on the game Monsters sleep in the dark.<\/p><p>Thus far, her portfolio for private clients includes traditional drawings, children's illustrations, and commercial graphics.<\/p>\t\t\t\t\t\t\t\t<\/div>\n\t\t\t\t<\/div>\n\t\t\t\t<div class=\"elementor-element elementor-element-1eea5981 elementor-widget-divider--view-line elementor-widget elementor-widget-divider\" data-id=\"1eea5981\" data-element_type=\"widget\" data-e-type=\"widget\" data-widget_type=\"divider.default\">\n\t\t\t\t<div class=\"elementor-widget-container\">\n\t\t\t\t\t\t\t<div class=\"elementor-divider\">\n\t\t\t<span class=\"elementor-divider-separator\">\n\t\t\t\t\t\t<\/span>\n\t\t<\/div>\n\t\t\t\t\t\t<\/div>\n\t\t\t\t<\/div>\n\t\t\t\t<div class=\"elementor-element elementor-element-7f61f12 elementor-shape-circle e-grid-align-left elementor-grid-0 elementor-widget elementor-widget-social-icons\" data-id=\"7f61f12\" data-element_type=\"widget\" data-e-type=\"widget\" data-widget_type=\"social-icons.default\">\n\t\t\t\t<div class=\"elementor-widget-container\">\n\t\t\t\t\t\t\t<div class=\"elementor-social-icons-wrapper elementor-grid\" role=\"list\">\n\t\t\t\t\t\t\t<span class=\"elementor-grid-item\" role=\"listitem\">\n\t\t\t\t\t<a class=\"elementor-icon elementor-social-icon elementor-social-icon-instagram elementor-animation-pop elementor-repeater-item-2a0ac55\" href=\"https:\/\/www.instagram.com\/takadaart\/\" target=\"_blank\">\n\t\t\t\t\t\t<span class=\"elementor-screen-only\">Instagram<\/span>\n\t\t\t\t\t\t<svg aria-hidden=\"true\" class=\"e-font-icon-svg e-fab-instagram\" viewbox=\"0 0 448 512\" xmlns=\"http:\/\/www.w3.org\/2000\/svg\"><path d=\"M224.1 141c-63.6 0-114.9 51.3-114.9 114.9s51.3 114.9 114.9 114.9S339 319.5 339 255.9 287.7 141 224.1 141zm0 189.6c-41.1 0-74.7-33.5-74.7-74.7s33.5-74.7 74.7-74.7 74.7 33.5 74.7 74.7-33.6 74.7-74.7 74.7zm146.4-194.3c0 14.9-12 26.8-26.8 26.8-14.9 0-26.8-12-26.8-26.8s12-26.8 26.8-26.8 26.8 12 26.8 26.8zm76.1 27.2c-1.7-35.9-9.9-67.7-36.2-93.9-26.2-26.2-58-34.4-93.9-36.2-37-2.1-147.9-2.1-184.9 0-35.8 1.7-67.6 9.9-93.9 36.1s-34.4 58-36.2 93.9c-2.1 37-2.1 147.9 0 184.9 1.7 35.9 9.9 67.7 36.2 93.9s58 34.4 93.9 36.2c37 2.1 147.9 2.1 184.9 0 35.9-1.7 67.7-9.9 93.9-36.2 26.2-26.2 34.4-58 36.2-93.9 2.1-37 2.1-147.8 0-184.8zM398.8 388c-7.8 19.6-22.9 34.7-42.6 42.6-29.5 11.7-99.5 9-132.1 9s-102.7 2.6-132.1-9c-19.6-7.8-34.7-22.9-42.6-42.6-11.7-29.5-9-99.5-9-132.1s-2.6-102.7 9-132.1c7.8-19.6 22.9-34.7 42.6-42.6 29.5-11.7 99.5-9 132.1-9s102.7-2.6 132.1 9c19.6 7.8 34.7 22.9 42.6 42.6 11.7 29.5 9 99.5 9 132.1s2.7 102.7-9 132.1z\"><\/path><\/svg>\t\t\t\t\t<\/a>\n\t\t\t\t<\/span>\n\t\t\t\t\t\t\t<span class=\"elementor-grid-item\" role=\"listitem\">\n\t\t\t\t\t<a class=\"elementor-icon elementor-social-icon elementor-social-icon-icon_globe-2 elementor-animation-pop elementor-repeater-item-5daba92\" href=\"https:\/\/katarzynamairer.wixsite.com\/portfoliokm\" target=\"_blank\">\n\t\t\t\t\t\t<span class=\"elementor-screen-only\">Icon_globe-2<\/span>\n\t\t\t\t\t\t<i aria-hidden=\"true\" class=\"icon_globe-2\"><\/i>\t\t\t\t\t<\/a>\n\t\t\t\t<\/span>\n\t\t\t\t\t<\/div>\n\t\t\t\t\t\t<\/div>\n\t\t\t\t<\/div>\n\t\t\t\t<\/div>\n\t\t<div class=\"elementor-element elementor-element-4004bd82 e-con-full e-flex elementor-invisible e-con e-child\" data-id=\"4004bd82\" data-element_type=\"container\" data-e-type=\"container\" data-settings=\"{&quot;animation&quot;:&quot;fadeInRight&quot;}\">\n\t\t\t\t<div class=\"elementor-element elementor-element-1c9b6192 elementor-widget elementor-widget-image\" data-id=\"1c9b6192\" data-element_type=\"widget\" data-e-type=\"widget\" data-widget_type=\"image.default\">\n\t\t\t\t<div class=\"elementor-widget-container\">\n\t\t\t\t\t\t\t\t\t\t\t\t\t\t\t<img fetchpriority=\"high\" decoding=\"async\" width=\"800\" height=\"800\" src=\"https:\/\/monstersdream.com\/wp-content\/uploads\/2025\/02\/Katarzyna_Mairer.jpg\" class=\"attachment-large size-large wp-image-401\" alt=\"\" srcset=\"https:\/\/monstersdream.com\/wp-content\/uploads\/2025\/02\/Katarzyna_Mairer.jpg 800w, https:\/\/monstersdream.com\/wp-content\/uploads\/2025\/02\/Katarzyna_Mairer-300x300.jpg 300w, https:\/\/monstersdream.com\/wp-content\/uploads\/2025\/02\/Katarzyna_Mairer-150x150.jpg 150w, https:\/\/monstersdream.com\/wp-content\/uploads\/2025\/02\/Katarzyna_Mairer-768x768.jpg 768w\" sizes=\"(max-width: 800px) 100vw, 800px\" \/>\t\t\t\t\t\t\t\t\t\t\t\t\t\t\t<\/div>\n\t\t\t\t<\/div>\n\t\t\t\t<div class=\"elementor-element elementor-element-61756ccc elementor-widget__width-inherit elementor-absolute elementor-align-center elementor-widget elementor-widget-lottie\" data-id=\"61756ccc\" data-element_type=\"widget\" data-e-type=\"widget\" data-settings=\"{&quot;source&quot;:&quot;external_url&quot;,&quot;source_external_url&quot;:{&quot;url&quot;:&quot;https:\\\/\\\/lottie.host\\\/2c3e7eaa-7cc7-4add-85c6-0933c10ede80\\\/0rBSpJGF0b.json&quot;,&quot;is_external&quot;:&quot;&quot;,&quot;nofollow&quot;:&quot;&quot;,&quot;custom_attributes&quot;:&quot;&quot;},&quot;loop&quot;:&quot;yes&quot;,&quot;lazyload&quot;:&quot;yes&quot;,&quot;_position&quot;:&quot;absolute&quot;,&quot;link_to&quot;:&quot;none&quot;,&quot;trigger&quot;:&quot;arriving_to_viewport&quot;,&quot;viewport&quot;:{&quot;unit&quot;:&quot;%&quot;,&quot;size&quot;:&quot;&quot;,&quot;sizes&quot;:{&quot;start&quot;:0,&quot;end&quot;:100}},&quot;play_speed&quot;:{&quot;unit&quot;:&quot;px&quot;,&quot;size&quot;:1,&quot;sizes&quot;:[]},&quot;start_point&quot;:{&quot;unit&quot;:&quot;%&quot;,&quot;size&quot;:0,&quot;sizes&quot;:[]},&quot;end_point&quot;:{&quot;unit&quot;:&quot;%&quot;,&quot;size&quot;:100,&quot;sizes&quot;:[]},&quot;renderer&quot;:&quot;svg&quot;}\" data-widget_type=\"lottie.default\">\n\t\t\t\t<div class=\"elementor-widget-container\">\n\t\t\t\t\t<div class=\"e-lottie__container\"><div class=\"e-lottie__animation\"><\/div><\/div>\t\t\t\t<\/div>\n\t\t\t\t<\/div>\n\t\t\t\t<\/div>\n\t\t\t\t\t<\/div>\n\t\t\t\t<\/div>\n\t\t\t\t<\/div>","protected":false},"excerpt":{"rendered":"<p>O nas IlLustrator Katarzyna Mairer Od 2020 roku dzia\u0142a jako freelancer. Nieustannie rozwija sw\u00f3j warsztat. Posiada do\u015bwiadczenie w projektach komercyjnych jak i niekomercyjnych. Absolwentka Concept Art Master. Digital Paintingiem i Conccept Artem zajmuje si\u0119 od ponad 7 lat. Tworzy ilustracje i concepty na zlecenia prywatne. Wsp\u00f3\u0142pracowa\u0142a do tej pory z r\u00f3\u017cnymi firmami zajmuj\u0105c si\u0119 szeroko [&hellip;]<\/p>","protected":false},"author":1,"featured_media":0,"parent":161,"menu_order":0,"comment_status":"closed","ping_status":"closed","template":"","meta":{"footnotes":""},"class_list":["post-497","page","type-page","status-publish","hentry"],"_links":{"self":[{"href":"https:\/\/monstersdream.com\/en\/wp-json\/wp\/v2\/pages\/497","targetHints":{"allow":["GET"]}}],"collection":[{"href":"https:\/\/monstersdream.com\/en\/wp-json\/wp\/v2\/pages"}],"about":[{"href":"https:\/\/monstersdream.com\/en\/wp-json\/wp\/v2\/types\/page"}],"author":[{"embeddable":true,"href":"https:\/\/monstersdream.com\/en\/wp-json\/wp\/v2\/users\/1"}],"replies":[{"embeddable":true,"href":"https:\/\/monstersdream.com\/en\/wp-json\/wp\/v2\/comments?post=497"}],"version-history":[{"count":17,"href":"https:\/\/monstersdream.com\/en\/wp-json\/wp\/v2\/pages\/497\/revisions"}],"predecessor-version":[{"id":972,"href":"https:\/\/monstersdream.com\/en\/wp-json\/wp\/v2\/pages\/497\/revisions\/972"}],"up":[{"embeddable":true,"href":"https:\/\/monstersdream.com\/en\/wp-json\/wp\/v2\/pages\/161"}],"wp:attachment":[{"href":"https:\/\/monstersdream.com\/en\/wp-json\/wp\/v2\/media?parent=497"}],"curies":[{"name":"wp","href":"https:\/\/api.w.org\/{rel}","templated":true}]}}