{"id":3,"date":"2025-02-12T16:19:59","date_gmt":"2025-02-12T15:19:59","guid":{"rendered":"http:\/\/monstersdream.com\/?page_id=3"},"modified":"2025-04-15T16:46:30","modified_gmt":"2025-04-15T14:46:30","slug":"polityka-prywatnosci","status":"publish","type":"page","link":"https:\/\/monstersdream.com\/en\/polityka-prywatnosci\/","title":{"rendered":"Privacy policy"},"content":{"rendered":"<div data-elementor-type=\"wp-page\" data-elementor-id=\"3\" class=\"elementor elementor-3\" data-elementor-post-type=\"page\">\n\t\t\t\t<div class=\"elementor-element elementor-element-5d476a82 e-flex e-con-boxed e-con e-parent\" data-id=\"5d476a82\" data-element_type=\"container\" data-e-type=\"container\">\n\t\t\t\t\t<div class=\"e-con-inner\">\n\t\t\t\t<div class=\"elementor-element elementor-element-57fcb3a elementor-widget elementor-widget-heading\" data-id=\"57fcb3a\" data-element_type=\"widget\" data-e-type=\"widget\" data-widget_type=\"heading.default\">\n\t\t\t\t<div class=\"elementor-widget-container\">\n\t\t\t\t\t<h1 class=\"elementor-heading-title elementor-size-default\">Privacy policy<\/h1>\t\t\t\t<\/div>\n\t\t\t\t<\/div>\n\t\t\t\t<div class=\"elementor-element elementor-element-6d5c8e0 policy elementor-widget elementor-widget-text-editor\" data-id=\"6d5c8e0\" data-element_type=\"widget\" data-e-type=\"widget\" data-widget_type=\"text-editor.default\">\n\t\t\t\t<div class=\"elementor-widget-container\">\n\t\t\t\t\t\t\t\t\t\n<p style=\"text-align: center;\"><strong>\u00a71 Administracja danych osobowych<\/strong><\/p>\n<ol>\n<li>Administratorem danych osobowych jest IZABELA MR\u00d3WCZY\u0143SKA-GRANIAK, prowadz\u0105ca dzia\u0142alno\u015b\u0107 gospodarcz\u0105 pod firm\u0105 VIRINA IZABELA MR\u00d3WCZY\u0143SKA-GRANIAK, ul. Daleka 6F\/1, 05-825 Grodzisk Mazowiecki. Dzia\u0142alno\u015b\u0107 gospodarcza jest wpisana do Centralnej Ewidencji i Informacji o Dzia\u0142alno\u015bci Gospodarczej pod numerem NIP: 7441576690, REGON 385563130.<\/li>\n<li>Kontakt z osob\u0105 nadzoruj\u0105c\u0105 przetwarzanie danych osobowych w organizacji jest mo\u017cliwy drog\u0105 elektroniczn\u0105 pod adresem e-mail: pawel@monstersdream.com, pisemnie na adres Administratora lub telefonicznie pod numerem telefonu +48 507 342 705.<\/li>\n<li>Niniejsza Polityka zawiera zasady dotycz\u0105ce przetwarzania danych osobowych przez Administratora w Serwisie Internetowym, w tym podstawy, cele i zakres przetwarzania danych osobowych oraz prawa os\u00f3b, kt\u00f3rych dane dotycz\u0105.<\/li>\n<li>Dane osobowe przetwarzane s\u0105 przez Administratora zgodnie z obowi\u0105zuj\u0105cymi przepisami prawa, w szczeg\u00f3lno\u015bci zgodnie z rozporz\u0105dzeniem Parlamentu Europejskiego i Rady (UE) 2016\/679 z dnia 27 kwietnia 2016 r. w sprawie ochrony os\u00f3b fizycznych w zwi\u0105zku z przetwarzaniem danych osobowych i w sprawie swobodnego przep\u0142ywu takich danych oraz uchylenia dyrektywy 95\/46\/WE (og\u00f3lne rozporz\u0105dzenie o ochronie danych) Oficjalny tekst Rozporz\u0105dzenia RODO: http:\/\/eur-lex.europa.eu\/legal-content\/PL\/TXT\/?uri=CELEX%3A32016R0679.<\/li>\n<li>Uprawnienia U\u017cytkownika nie s\u0105 bezwzgl\u0119dne i nie przys\u0142uguj\u0105 w odniesieniu do wszystkich czynno\u015bci przetwarzania danych osobowych.<\/li>\n<\/ol>\n<p>\u00a0<\/p>\n<p style=\"text-align: center;\"><strong>\u00a72 Definicje<\/strong><\/p>\n<ol>\n<li>Administrator &#8211; IZABELA MR\u00d3WCZY\u0143SKA-GRANIAK, prowadz\u0105ca dzia\u0142alno\u015b\u0107 gospodarcz\u0105 pod firm\u0105 VIRINA IZABELA MR\u00d3WCZY\u0143SKA-GRANIAK, ul. Daleka 6F\/1, 05-825 Grodzisk Mazowiecki. Dzia\u0142alno\u015b\u0107 gospodarcza jest wpisana do Centralnej Ewidencji i Informacji o Dzia\u0142alno\u015bci Gospodarczej pod numerem NIP: 7441576690, REGON 385563130.<\/li>\n<li>Dane osobowe &#8211; informacje o osobie fizycznej zidentyfikowanej lub mo\u017cliwej do zidentyfikowania poprzez jeden b\u0105d\u017a kilka szczeg\u00f3lnych czynnik\u00f3w okre\u015blaj\u0105cych fizyczn\u0105, fizjologiczn\u0105, genetyczn\u0105, psychiczn\u0105, ekonomiczn\u0105, kulturow\u0105 lub spo\u0142eczn\u0105 to\u017csamo\u015b\u0107, w tym IP urz\u0105dzenia, identyfikator internetowy oraz informacje gromadzone za po\u015brednictwem plik\u00f3w cookie oraz innej podobnej technologii.<\/li>\n<li>Polityka &#8211; niniejsza Polityka prywatno\u015bci.<\/li>\n<li>Polityka Cookies \u2013 dokument okre\u015blaj\u0105cy zasady stosowania plik\u00f3w cookie w Serwisie dost\u0119pna pod adresem: https:\/\/monstersdream.com\/cookies\/.<\/li>\n<li>Profilowanie &#8211; zautomatyzowane przetwarzanie danych osobowych, kt\u00f3re polega na analizowaniu i przewidywaniu zachowa\u0144 u\u017cytkownika.<\/li>\n<li>RODO \/ Rozporz\u0105dzenie RODO &#8211; rozporz\u0105dzenie parlamentu Europejskiego i Rady (UE) 2016\/679 z 27.04.2016 r. w sprawie ochrony os\u00f3b fizycznych w zwi\u0105zku z przetwarzaniem danych osobowych i w sprawie swobodnego przep\u0142ywu takich danych oraz uchylenia dyrektywy 95\/46\/WE.<\/li>\n<li>Serwis &#8211; serwis internetowy prowadzony przez Administratora pod adresem monstersdream.com.<\/li>\n<li>U\u017cytkownik &#8211; ka\u017cda osoba fizyczna\u00a0 odwiedzaj\u0105ca Serwis lub korzystaj\u0105ca z jednej albo kilku us\u0142ug czy funkcjonalno\u015bci opisanych w Polityce.<\/li>\n<\/ol>\n<p>\u00a0<\/p>\n<p style=\"text-align: center;\"><strong>\u00a73 Bezpiecze\u0144stwo<\/strong><\/p>\n<ol>\n<li>Administrator wdro\u017cy\u0142 odpowiednie \u015brodki techniczne i organizacyjne, kt\u00f3re zapewniaj\u0105 bezpiecze\u0144stwo przetwarzania danych osobowych, a w szczeg\u00f3lno\u015bci jest odpowiedzialny i zapewnia, \u017ce zbierane przez niego dane s\u0105:<br \/><br \/>\n<ol>\n<li>przetwarzane zgodnie z prawem;<\/li>\n<li>zbierane dla oznaczonych, zgodnych z prawem cel\u00f3w i niepoddawane dalszemu przetwarzaniu niezgodnemu z tymi celami;<\/li>\n<li>merytorycznie poprawne i adekwatne w stosunku do cel\u00f3w, w jakich s\u0105 przetwarzane;<\/li>\n<li>przechowywane w postaci umo\u017cliwiaj\u0105cej identyfikacj\u0119 os\u00f3b, kt\u00f3rych dotycz\u0105, nie d\u0142u\u017cej ni\u017c jest to niezb\u0119dne do osi\u0105gni\u0119cia celu przetwarzania oraz<\/li>\n<li>przetwarzane w spos\u00f3b zapewniaj\u0105cy odpowiednie bezpiecze\u0144stwo danych osobowych, w tym ochron\u0119 przed niedozwolonym lub niezgodnym z prawem przetwarzaniem oraz przypadkow\u0105 utrat\u0105, zniszczeniem lub uszkodzeniem, za pomoc\u0105 odpowiednich \u015brodk\u00f3w technicznych lub organizacyjnych.<\/li>\n<\/ol>\n<\/li>\n<\/ol>\n<p>\u00a0<\/p>\n<p style=\"text-align: center;\"><strong>\u00a74 Cele i podstawy prawne przetwarzania danych<\/strong><\/p>\n<ol>\n<li>Na podstawie artyku\u0142 6 ust. 1 lit. a) Rozporz\u0105dzenia RODO (zgody) dane osobowe mog\u0105 by\u0107 przetwarzane w celach:<br \/><br \/>\n<ol>\n<li>Marketingu produkt\u00f3w i us\u0142ug Administratora i partner\u00f3w Administratora.<\/li>\n<li>Retargetingu i reklamy behawioralnej, w tym wy\u015bwietlania spersonalizowanych reklam w oparciu o histori\u0119 aktywno\u015bci u\u017cytkownika w Serwisie oraz w innych serwisach internetowych. Przetwarzanie danych w tych celach odbywa si\u0119 wy\u0142\u0105cznie na podstawie zgody U\u017cytkownika wyra\u017conej w banerze cookies. Dane mog\u0105 by\u0107 zbierane za po\u015brednictwem plik\u00f3w cookie oraz podobnych technologii, zgodnie z Polityk\u0105 Cookies.<\/li>\n<li>Wysy\u0142ki Newslettera.<\/li>\n<li>Moderowania tre\u015bci w Serwisie.<\/li>\n<li>Zapisywania danych w plikach cookie zgodnie z Polityk\u0105 Cookies.<\/li>\n<li>Publikacji opinii o produkcie lub us\u0142udze.<\/li>\n<li>Udzia\u0142u w webinarze lub szkoleniu online.<\/li>\n<li>Kontaktu za po\u015brednictwem narz\u0119dzi porozumiewania si\u0119 na odleg\u0142o\u015b\u0107, w szczeg\u00f3lno\u015bci: telefonicznego, mailowego lub aplikacji.<\/li>\n<li>Udzia\u0142u w konkursach i programach lojalno\u015bciowych<\/li>\n<li>Zapraszania do udzia\u0142u w ankietach i badaniach rynku<\/li>\n<li>Personalizacji tre\u015bci w Serwisie.<\/li>\n<\/ol>\n<\/li>\n<li>Na podstawie artyku\u0142u 6 ust 1 lit. b) Rozporz\u0105dzenia RODO\u00a0 (wykonywania umowy) dane osobowe mog\u0105 by\u0107 przetwarzane w celach:<br \/><br \/>\n<ol>\n<li>Wykonywania umowy sprzeda\u017cy lub umowy o \u015bwiadczenia Us\u0142ugi lub podj\u0119cia dzia\u0142a\u0144 na \u017c\u0105danie osoby, kt\u00f3rej dane dotycz\u0105 przed zawarciem wskazanej umowy lub<br \/>\u00a0po jej zawarciu, w szczeg\u00f3lno\u015bci: prawo do r\u0119kojmi, rozpatrzenia<\/li>\n<li>Reklamacji lub odst\u0105pienia od umowy zawartej na odleg\u0142o\u015b\u0107<\/li>\n<\/ol>\n<\/li>\n<li>Na podstawie artyku\u0142u 6 ust 1 lit. c) Rozporz\u0105dzenia RODO\u00a0 (obowi\u0105zek prawny ci\u0105\u017c\u0105cy na Administratorze) dane osobowe mog\u0105 by\u0107 przetwarzane w celach:<br \/><br \/>\n<ol>\n<li>Wystawianie i przechowywanie faktur, rachunk\u00f3w lub spe\u0142nienia innych obowi\u0105zk\u00f3w wynikaj\u0105cych z przepis\u00f3w podatkowo-rachunkowych, (obowi\u0105zek archiwizacyjny dot. dokument\u00f3w ksi\u0119gowych).<\/li>\n<li>Wsp\u00f3\u0142pracy z organami \u015bcigania i instytucjami publicznymi.<\/li>\n<li>Tworzenie rejestr\u00f3w i innej dokumentacji nakazanej przepisami RODO.<\/li>\n<\/ol>\n<\/li>\n<li>Na podstawie artyku\u0142u 6 ust 1 lit. f) Rozporz\u0105dzenia RODO\u00a0 (prawnie uzasadniony interes Administratora) dane osobowe mog\u0105 by\u0107 przetwarzane w celach:<br \/><br \/>\n<ol>\n<li>Prawid\u0142owej realizacji umowy, b\u0119d\u0105 przetwarzane przez czas realizacji umowy i uprawnie\u0144 z niej wynikaj\u0105cych np. prawo do reklamacji. Podanie danych jest dobrowolne, ale i niezb\u0119dne.<\/li>\n<li>Zabezpieczenia bezpiecze\u0144stwa Serwisu, zarz\u0105dzania Serwisem oraz jego prawid\u0142owego dzia\u0142ania.<\/li>\n<li>Prowadzenia statystyk i analiz ruchu w Serwisie Internetowym.<\/li>\n<li>Marketingu bezpo\u015bredniego.<\/li>\n<li>Ustalenia roszcze\u0144 podnoszonych przez lub wobec Administratora.<\/li>\n<li>Kontaktu z U\u017cytkownikiem.<\/li>\n<li>Obs\u0142ugi Serwisu monstersdream.com.<\/li>\n<li>Zapisywania danych niezb\u0119dnych do prawid\u0142owego dzia\u0142ania Serwisu w plikach cookie zgodnie z Polityk\u0105 Cookie.<\/li>\n<li>Obs\u0142ugi konta w Facebook, Discord i wchodzenie w interakcj\u0119 z U\u017cytkownikami wskazanych portali.<\/li>\n<li>Dane mog\u0105 by\u0107 przekazywane do nast\u0119puj\u0105cych odbiorc\u00f3w lub kategorii odbiorc\u00f3w danych osobowych tj. firmom kurierskim, operatorom pocztowym, kancelariom prawnym, firmom ksi\u0119gowym, dostawcom i serwisantom us\u0142ug IT.<\/li>\n<\/ol>\n<\/li>\n<li>Dane osobowe mog\u0105 by\u0107 r\u00f3wnie\u017c przetwarzane w innych celach, je\u017celi Administrator b\u0119dzie posiada\u0142 odpowiedni\u0105 podstaw\u0119 prawn\u0105 do tego, w szczeg\u00f3lno\u015bci wynikaj\u0105c\u0105 z art. 6 RODO, pod warunkiem, \u017ce cel ten nie narusza praw i wolno\u015bci U\u017cytkownika. W takim przypadku U\u017cytkownik zostanie poinformowany o nowym celu przetwarzania przed rozpocz\u0119ciem przetwarzania w tym celu.<\/li>\n<\/ol>\n<p>\u00a0<\/p>\n<p style=\"text-align: center;\"><strong>\u00a75 Profilowanie<\/strong><\/p>\n<ol>\n<li>Administrator stosuje profilowanie w celach marketingowych, polegaj\u0105ce na analizie aktywno\u015bci U\u017cytkownika w Serwisie za pomoc\u0105 plik\u00f3w cookies i podobnych technologii.<\/li>\n<li>Profilowanie mo\u017ce obejmowa\u0107:\u00a0\u00a0\u00a0\u00a0\u00a0\u00a0\u00a0\u00a0\u00a0\u00a0\u00a0\u00a0\u00a0\u00a0\u00a0\u00a0\u00a0\u00a0\u00a0\u00a0\u00a0\u00a0\u00a0\u00a0\u00a0\u00a0\u00a0\u00a0\u00a0\u00a0\u00a0\u00a0\u00a0\u00a0\u00a0\n<ol>\n<li>personalizacj\u0119 reklam na podstawie historii przegl\u0105dania,<\/li>\n<li>analiz\u0119 interakcji U\u017cytkownika z tre\u015bciami w Serwisie,<\/li>\n<li>dostosowanie wy\u015bwietlanych tre\u015bci reklamowych w serwisach zewn\u0119trznych (np. Google Ads, Facebook).<\/li>\n<\/ol>\n<\/li>\n<li>Profilowanie odbywa si\u0119 wy\u0142\u0105cznie na podstawie zgody U\u017cytkownika.<\/li>\n<li>U\u017cytkownik mo\u017ce w ka\u017cdej chwili cofn\u0105\u0107 zgod\u0119 na profilowanie poprzez zmian\u0119 ustawie\u0144 lub kontaktuj\u0105c si\u0119 z Administratorem na adres e-mail: pawel@monstersdream.com.<\/li>\n<\/ol>\n<p>\u00a0<\/p>\n<p style=\"text-align: center;\"><strong>\u00a76 Okres przetwarzania Danych osobowych<\/strong><\/p>\n<ol>\n<li>Okres przetwarzania danych przez Administratora zale\u017cy od rodzaju \u015bwiadczonej us\u0142ugi i celu przetwarzania. Co do zasady dane przetwarzane s\u0105 przez czas \u015bwiadczenia us\u0142ugi, do czasu wycofania wyra\u017conej zgody lub zg\u0142oszenia skutecznego sprzeciwu wzgl\u0119dem przetwarzania danych w przypadkach, gdy podstaw\u0105 prawn\u0105 przetwarzania danych jest prawnie uzasadniony interes Administratora.<\/li>\n<li>Okres przetwarzania danych mo\u017ce by\u0107 przed\u0142u\u017cony w przypadku, gdy przetwarzanie jest niezb\u0119dne do ustalenia i dochodzenia ewentualnych roszcze\u0144 lub obrony przed roszczeniami, a po tym czasie jedynie w przypadku i w zakresie, w jakim b\u0119d\u0105 wymaga\u0107 tego przepisy prawa. Po up\u0142ywie okresu przetwarzania dane s\u0105 nieodwracalnie usuwane lub zanonimizowane.<\/li>\n<li>Szczeg\u00f3\u0142owe okresy przechowywania danych w zale\u017cno\u015bci od celu, np.:\n<ol>\n<li>Dane zwi\u0105zane z realizacj\u0105 umowy \u2013 przechowywane przez okres obowi\u0105zywania umowy, a nast\u0119pnie do up\u0142ywu okresu przedawnienia roszcze\u0144 (3 lub 6 lat).<\/li>\n<li>Dane ksi\u0119gowe i podatkowe \u2013 przechowywane przez okres wymagany przez przepisy prawa podatkowego (obecnie 5 lat).<\/li>\n<li>Dane marketingowe (newsletter, reklamy behawioralne) \u2013 przechowywane do czasu cofni\u0119cia zgody.<\/li>\n<li>Dane zwi\u0105zane z zapytaniami u\u017cytkownik\u00f3w \u2013 przechowywane przez okres do 12 miesi\u0119cy od zako\u0144czenia korespondencji.<\/li>\n<\/ol>\n<\/li>\n<\/ol>\n<p>\u00a0<\/p>\n<p style=\"text-align: center;\"><strong>\u00a77 Prawa U\u017cytkownika<\/strong><\/p>\n<ol>\n<li>U\u017cytkownikowi w odniesieniu do swoich danych osobowych przys\u0142uguj\u0105 nast\u0119puj\u0105ce prawa:\n<ol>\n<li>dost\u0119p do swoich danych osobowych,<\/li>\n<li>sprostowania danych osobowych w dowolnym momencie,<\/li>\n<li>usuni\u0119cia swoich danych osobowych w dowolnym momencie,<\/li>\n<li>otrzymania kopii swoich danych,<\/li>\n<li>ograniczenia przetwarzania danych osobowych,<\/li>\n<li>sprzeciwu wobec przetwarzania danych osobowych,<\/li>\n<li>przenoszenia danych osobowych,<\/li>\n<li>cofni\u0119cia zgody; wycofanie zgody nie wp\u0142ywa na zgodno\u015b\u0107 z prawem przetwarzania dokonanego przed jej cofni\u0119ciem,<\/li>\n<li>sprzeciwu wobec przetwarzania danych osobowych na podstawie uzasadnionego interesu Administratora w celach marketingowych, marketingu bezpo\u015bredniego oraz w celach innych ni\u017c marketingowe,<\/li>\n<li>do wniesienia skargi do organu nadzorczego.<\/li>\n<\/ol>\n<\/li>\n<li>W celu realizacji powy\u017cszych praw U\u017cytkownik mo\u017ce skontaktowa\u0107 si\u0119 z Administratorem, wysy\u0142aj\u0105c wiadomo\u015b\u0107 na adres e-mail pawel@monstersdream.com lub korespondencj\u0119 na adres siedziby Administratora. Administrator zobowi\u0105zuje si\u0119 do rozpatrzenia wniosku w terminie do 30 dni od jego otrzymania.<\/li>\n<li>W niekt\u00f3rych przypadkach Administrator mo\u017ce odm\u00f3wi\u0107 realizacji \u017c\u0105dania U\u017cytkownika, je\u015bli przepisy prawa nak\u0142adaj\u0105 obowi\u0105zek dalszego przetwarzania danych.<\/li>\n<\/ol>\n<p>\u00a0<\/p>\n<p style=\"text-align: center;\"><strong>\u00a78 Odbiorcy danych osobowych<\/strong><\/p>\n<ol>\n<li>Administrator w celu prawid\u0142owego prowadzenia Serwisu przekazuje dane osobowe U\u017cytkownika innym podmiotom zewn\u0119trznym, w szczeg\u00f3lno\u015bci: Firma hostingowa, system mailingowy.<\/li>\n<li>Administrator zastrzega sobie prawo do ujawnienia danych osobowych w sytuacji, gdy b\u0119dzie to wynika\u0107 z obowi\u0105zuj\u0105cych przepis\u00f3w prawa, w tym obowi\u0105zek przekazania informacji do w\u0142a\u015bciwych organ\u00f3w administracyjnych lub organ\u00f3w \u015bcigania.<\/li>\n<\/ol>\n<p>\u00a0<\/p>\n<p style=\"text-align: center;\"><strong>\u00a79 Przekazywanie danych osobowych poza EOG<\/strong><\/p>\n<p style=\"text-align: center;\"><strong>\u00a710 Bezpiecze\u0144stwo Danych osobowych<\/strong><\/p>\n<ol>\n<li>Administrator na bie\u017c\u0105co prowadzi analiz\u0119 ryzyka w celu zapewnienia, \u017ce Dane osobowe przetwarzane s\u0105 przez niego w spos\u00f3b bezpieczny. Poprzez swoje dzia\u0142anie zapewnia przede wszystkim, \u017ce dost\u0119p do danych maj\u0105 jedynie osoby upowa\u017cnione i jedynie w zakresie, w jakim jest to niezb\u0119dne ze wzgl\u0119du na wykonywane przez nie zadania.<\/li>\n<li>Administrator zobowi\u0105zany jest do podejmowania wszelkich dozwolonych przepisami prawa dzia\u0142a\u0144, by wszystkie operacje na Danych osobowych by\u0142y rejestrowane i dokonywane jedynie przez uprawniony podmiot.<\/li>\n<li>Administrator obowi\u0105zany jest r\u00f3wnie\u017c do tego, aby inne podmioty wsp\u00f3\u0142pracuj\u0105ce z Administratorem dawa\u0142y gwarancj\u0119 stosowania odpowiednich \u015brodk\u00f3w bezpiecze\u0144stwa w ka\u017cdym przypadku, gdy przetwarzaj\u0105 Dane osobowe na zlecenie Administratora.<\/li>\n<li>Administrator stosuje zabezpieczenia techniczne, takie jak szyfrowanie transmisji danych (SSL\/TLS), ograniczenie dost\u0119pu do system\u00f3w oraz procedury ochrony przed nieautoryzowanym dost\u0119pem do danych.<\/li>\n<\/ol>\n<p>\u00a0<\/p>\n<p style=\"text-align: center;\"><strong>\u00a711 Zmiany Polityki <\/strong><strong>prywatno\u015bci<\/strong><\/p>\n<ol>\n<li>Polityka jest na bie\u017c\u0105co weryfikowana i aktualizowana.<\/li>\n<li>Aktualna wersja Polityki zosta\u0142a przyj\u0119ta i obowi\u0105zuje od 2025-04-11.<\/li>\n<\/ol>\t\t\t\t\t\t\t\t<\/div>\n\t\t\t\t<\/div>\n\t\t\t\t\t<\/div>\n\t\t\t\t<\/div>\n\t\t\t\t<\/div>","protected":false},"excerpt":{"rendered":"<p>\u00a71 Administracja danych osobowych Administratorem danych osobowych jest IZABELA MR\u00d3WCZY\u0143SKA-GRANIAK, prowadz\u0105ca dzia\u0142alno\u015b\u0107 gospodarcz\u0105 pod firm\u0105 VIRINA IZABELA MR\u00d3WCZY\u0143SKA-GRANIAK, ul. Daleka 6F\/1, 05-825 Grodzisk Mazowiecki. Dzia\u0142alno\u015b\u0107 gospodarcza jest wpisana do Centralnej Ewidencji i Informacji o Dzia\u0142alno\u015bci Gospodarczej pod numerem NIP: 7441576690, REGON 385563130. Kontakt z osob\u0105 nadzoruj\u0105c\u0105 przetwarzanie danych osobowych w organizacji jest mo\u017cliwy drog\u0105 elektroniczn\u0105 [&hellip;]<\/p>","protected":false},"author":1,"featured_media":0,"parent":0,"menu_order":0,"comment_status":"closed","ping_status":"closed","template":"","meta":{"footnotes":""},"class_list":["post-3","page","type-page","status-publish","hentry"],"_links":{"self":[{"href":"https:\/\/monstersdream.com\/en\/wp-json\/wp\/v2\/pages\/3","targetHints":{"allow":["GET"]}}],"collection":[{"href":"https:\/\/monstersdream.com\/en\/wp-json\/wp\/v2\/pages"}],"about":[{"href":"https:\/\/monstersdream.com\/en\/wp-json\/wp\/v2\/types\/page"}],"author":[{"embeddable":true,"href":"https:\/\/monstersdream.com\/en\/wp-json\/wp\/v2\/users\/1"}],"replies":[{"embeddable":true,"href":"https:\/\/monstersdream.com\/en\/wp-json\/wp\/v2\/comments?post=3"}],"version-history":[{"count":10,"href":"https:\/\/monstersdream.com\/en\/wp-json\/wp\/v2\/pages\/3\/revisions"}],"predecessor-version":[{"id":935,"href":"https:\/\/monstersdream.com\/en\/wp-json\/wp\/v2\/pages\/3\/revisions\/935"}],"wp:attachment":[{"href":"https:\/\/monstersdream.com\/en\/wp-json\/wp\/v2\/media?parent=3"}],"curies":[{"name":"wp","href":"https:\/\/api.w.org\/{rel}","templated":true}]}}