{"id":295,"date":"2025-02-18T11:19:49","date_gmt":"2025-02-18T10:19:49","guid":{"rendered":"http:\/\/monstersdream.com\/?page_id=295"},"modified":"2026-04-08T10:59:37","modified_gmt":"2026-04-08T08:59:37","slug":"nasze-gry","status":"publish","type":"page","link":"https:\/\/monstersdream.com\/en\/our-games\/","title":{"rendered":"Our games"},"content":{"rendered":"<div data-elementor-type=\"wp-page\" data-elementor-id=\"295\" class=\"elementor elementor-295\" data-elementor-post-type=\"page\">\n\t\t\t\t<div class=\"elementor-element elementor-element-2f2d5488 e-flex e-con-boxed e-con e-parent\" data-id=\"2f2d5488\" data-element_type=\"container\" data-e-type=\"container\" data-settings=\"{&quot;background_background&quot;:&quot;classic&quot;}\">\n\t\t\t\t\t<div class=\"e-con-inner\">\n\t\t<div class=\"elementor-element elementor-element-2199fce9 e-con-full e-flex e-con e-child\" data-id=\"2199fce9\" data-element_type=\"container\" data-e-type=\"container\">\n\t\t\t\t<div class=\"elementor-element elementor-element-aaf16a9 elementor-widget elementor-widget-heading\" data-id=\"aaf16a9\" data-element_type=\"widget\" data-e-type=\"widget\" data-widget_type=\"heading.default\">\n\t\t\t\t<div class=\"elementor-widget-container\">\n\t\t\t\t\t<h2 class=\"elementor-heading-title elementor-size-default\">Monster\u2019s Dream <br>A Proprietary RPG System<\/h2>\t\t\t\t<\/div>\n\t\t\t\t<\/div>\n\t\t\t\t<div class=\"elementor-element elementor-element-6ace7543 elementor-widget elementor-widget-heading\" data-id=\"6ace7543\" data-element_type=\"widget\" data-e-type=\"widget\" data-widget_type=\"heading.default\">\n\t\t\t\t<div class=\"elementor-widget-container\">\n\t\t\t\t\t<div class=\"elementor-heading-title elementor-size-default\">Enter the World of Monster's Dream<\/div>\t\t\t\t<\/div>\n\t\t\t\t<\/div>\n\t\t\t\t<div class=\"elementor-element elementor-element-03536e5 elementor-widget elementor-widget-heading\" data-id=\"03536e5\" data-element_type=\"widget\" data-e-type=\"widget\" data-widget_type=\"heading.default\">\n\t\t\t\t<div class=\"elementor-widget-container\">\n\t\t\t\t\t<div class=\"elementor-heading-title elementor-size-default\">Monster's Dream is a multi-layered, dark story that presents the protagonist with many choices. The player decides which side of the conflict to choose and what role to play. The journey into the self, where demons and numerous creatures lurk, is crucial. Memory Eaters can enter it and fight nightmares. Their presence within a person's mind can influence their decisions. This has sometimes tipped the scales of victory in their favor or broken alliances.<\/div>\t\t\t\t<\/div>\n\t\t\t\t<\/div>\n\t\t\t\t<\/div>\n\t\t<div class=\"elementor-element elementor-element-2e6cd18 e-con-full e-flex e-con e-child\" data-id=\"2e6cd18\" data-element_type=\"container\" data-e-type=\"container\">\n\t\t\t\t<\/div>\n\t\t\t\t\t<\/div>\n\t\t\t\t<\/div>\n\t\t<div class=\"elementor-element elementor-element-7813de5 e-flex e-con-boxed e-con e-parent\" data-id=\"7813de5\" data-element_type=\"container\" data-e-type=\"container\">\n\t\t\t\t\t<div class=\"e-con-inner\">\n\t\t<div class=\"elementor-element elementor-element-6080e58 e-con-full e-flex e-con e-child\" data-id=\"6080e58\" data-element_type=\"container\" data-e-type=\"container\">\n\t\t\t\t<div class=\"elementor-element elementor-element-7b9143a2 elementor-widget elementor-widget-heading\" data-id=\"7b9143a2\" data-element_type=\"widget\" data-e-type=\"widget\" data-widget_type=\"heading.default\">\n\t\t\t\t<div class=\"elementor-widget-container\">\n\t\t\t\t\t<h2 class=\"elementor-heading-title elementor-size-default\">What distinguishes Monster\u2019s Dream?<\/h2>\t\t\t\t<\/div>\n\t\t\t\t<\/div>\n\t\t\t\t<div class=\"elementor-element elementor-element-5e4c2100 elementor-widget elementor-widget-text-editor\" data-id=\"5e4c2100\" data-element_type=\"widget\" data-e-type=\"widget\" data-widget_type=\"text-editor.default\">\n\t\t\t\t<div class=\"elementor-widget-container\">\n\t\t\t\t\t\t\t\t\tThe motivations of the characters are crucial; they fight not to survive another day, but to grow stronger, conquer, become richer, and expand their domain \u2013 to change the political order in countries, to influence the course of battles.\t\t\t\t\t\t\t\t<\/div>\n\t\t\t\t<\/div>\n\t\t\t\t<div class=\"elementor-element elementor-element-235cc880 elementor-widget elementor-widget-button\" data-id=\"235cc880\" data-element_type=\"widget\" data-e-type=\"widget\" data-widget_type=\"button.default\">\n\t\t\t\t<div class=\"elementor-widget-container\">\n\t\t\t\t\t\t\t\t\t<div class=\"elementor-button-wrapper\">\n\t\t\t\t\t<a class=\"elementor-button elementor-button-link elementor-size-sm\" href=\"https:\/\/monstersdream.com\/en\/our-shop\/\">\n\t\t\t\t\t\t<span class=\"elementor-button-content-wrapper\">\n\t\t\t\t\t\t\t\t\t<span class=\"elementor-button-text\">BUY THE GAME<\/span>\n\t\t\t\t\t<\/span>\n\t\t\t\t\t<\/a>\n\t\t\t\t<\/div>\n\t\t\t\t\t\t\t\t<\/div>\n\t\t\t\t<\/div>\n\t\t\t\t<\/div>\n\t\t<div class=\"elementor-element elementor-element-11b22c5 e-con-full e-flex e-con e-child\" data-id=\"11b22c5\" data-element_type=\"container\" data-e-type=\"container\">\n\t\t\t\t<div class=\"elementor-element elementor-element-ac18279 elementor-widget elementor-widget-image\" data-id=\"ac18279\" data-element_type=\"widget\" data-e-type=\"widget\" data-widget_type=\"image.default\">\n\t\t\t\t<div class=\"elementor-widget-container\">\n\t\t\t\t\t\t\t\t\t\t\t\t\t\t\t<img fetchpriority=\"high\" decoding=\"async\" width=\"600\" height=\"636\" src=\"https:\/\/monstersdream.com\/wp-content\/uploads\/2025\/02\/karty_monsters_dream.png\" class=\"attachment-full size-full wp-image-425\" alt=\"\" srcset=\"https:\/\/monstersdream.com\/wp-content\/uploads\/2025\/02\/karty_monsters_dream.png 600w, https:\/\/monstersdream.com\/wp-content\/uploads\/2025\/02\/karty_monsters_dream-283x300.png 283w\" sizes=\"(max-width: 600px) 100vw, 600px\" \/>\t\t\t\t\t\t\t\t\t\t\t\t\t\t\t<\/div>\n\t\t\t\t<\/div>\n\t\t\t\t<\/div>\n\t\t\t\t\t<\/div>\n\t\t\t\t<\/div>\n\t\t<div class=\"elementor-element elementor-element-4a0daf14 e-flex e-con-boxed e-con e-parent\" data-id=\"4a0daf14\" data-element_type=\"container\" data-e-type=\"container\" data-settings=\"{&quot;background_background&quot;:&quot;classic&quot;}\">\n\t\t\t\t\t<div class=\"e-con-inner\">\n\t\t<div class=\"elementor-element elementor-element-42a41c64 e-con-full e-flex e-con e-child\" data-id=\"42a41c64\" data-element_type=\"container\" data-e-type=\"container\" data-settings=\"{&quot;background_background&quot;:&quot;classic&quot;}\">\n\t\t\t\t<div class=\"elementor-element elementor-element-2727d45 elementor-widget elementor-widget-image\" data-id=\"2727d45\" data-element_type=\"widget\" data-e-type=\"widget\" data-widget_type=\"image.default\">\n\t\t\t\t<div class=\"elementor-widget-container\">\n\t\t\t\t\t\t\t\t\t\t\t\t\t\t\t<img decoding=\"async\" width=\"415\" height=\"617\" src=\"https:\/\/monstersdream.com\/wp-content\/uploads\/2025\/02\/lord-1.png\" class=\"attachment-full size-full wp-image-597\" alt=\"\" srcset=\"https:\/\/monstersdream.com\/wp-content\/uploads\/2025\/02\/lord-1.png 415w, https:\/\/monstersdream.com\/wp-content\/uploads\/2025\/02\/lord-1-202x300.png 202w\" sizes=\"(max-width: 415px) 100vw, 415px\" \/>\t\t\t\t\t\t\t\t\t\t\t\t\t\t\t<\/div>\n\t\t\t\t<\/div>\n\t\t\t\t<div class=\"elementor-element elementor-element-7091a89c elementor-widget elementor-widget-heading\" data-id=\"7091a89c\" data-element_type=\"widget\" data-e-type=\"widget\" data-widget_type=\"heading.default\">\n\t\t\t\t<div class=\"elementor-widget-container\">\n\t\t\t\t\t<h4 class=\"elementor-heading-title elementor-size-default\">Lords<\/h4>\t\t\t\t<\/div>\n\t\t\t\t<\/div>\n\t\t\t\t<div class=\"elementor-element elementor-element-5e74bc07 elementor-widget elementor-widget-text-editor\" data-id=\"5e74bc07\" data-element_type=\"widget\" data-e-type=\"widget\" data-widget_type=\"text-editor.default\">\n\t\t\t\t<div class=\"elementor-widget-container\">\n\t\t\t\t\t\t\t\t\tThey are extremely important figures in the game, significantly enhancing the combat capabilities of their armies. Losing a Lord can be devastating for you.\t\t\t\t\t\t\t\t<\/div>\n\t\t\t\t<\/div>\n\t\t\t\t<\/div>\n\t\t<div class=\"elementor-element elementor-element-795eb7b6 e-con-full e-flex e-con e-child\" data-id=\"795eb7b6\" data-element_type=\"container\" data-e-type=\"container\" data-settings=\"{&quot;background_background&quot;:&quot;classic&quot;}\">\n\t\t\t\t<div class=\"elementor-element elementor-element-4c692b50 elementor-widget elementor-widget-image\" data-id=\"4c692b50\" data-element_type=\"widget\" data-e-type=\"widget\" data-widget_type=\"image.default\">\n\t\t\t\t<div class=\"elementor-widget-container\">\n\t\t\t\t\t\t\t\t\t\t\t\t\t\t\t<img decoding=\"async\" width=\"442\" height=\"622\" src=\"https:\/\/monstersdream.com\/wp-content\/uploads\/2025\/02\/zjadacz-wspomnien.png\" class=\"attachment-full size-full wp-image-598\" alt=\"\" srcset=\"https:\/\/monstersdream.com\/wp-content\/uploads\/2025\/02\/zjadacz-wspomnien.png 442w, https:\/\/monstersdream.com\/wp-content\/uploads\/2025\/02\/zjadacz-wspomnien-213x300.png 213w\" sizes=\"(max-width: 442px) 100vw, 442px\" \/>\t\t\t\t\t\t\t\t\t\t\t\t\t\t\t<\/div>\n\t\t\t\t<\/div>\n\t\t\t\t<div class=\"elementor-element elementor-element-8ee7d7f elementor-widget elementor-widget-heading\" data-id=\"8ee7d7f\" data-element_type=\"widget\" data-e-type=\"widget\" data-widget_type=\"heading.default\">\n\t\t\t\t<div class=\"elementor-widget-container\">\n\t\t\t\t\t<h4 class=\"elementor-heading-title elementor-size-default\">Memory Eaters<\/h4>\t\t\t\t<\/div>\n\t\t\t\t<\/div>\n\t\t\t\t<div class=\"elementor-element elementor-element-62582121 elementor-widget elementor-widget-text-editor\" data-id=\"62582121\" data-element_type=\"widget\" data-e-type=\"widget\" data-widget_type=\"text-editor.default\">\n\t\t\t\t<div class=\"elementor-widget-container\">\n\t\t\t\t\t\t\t\t\tThey can enter the self and perform extraordinary feats there. After overcoming the nightmares lurking there, the host of the self becomes temporarily subservient to the Eater.\t\t\t\t\t\t\t\t<\/div>\n\t\t\t\t<\/div>\n\t\t\t\t<\/div>\n\t\t<div class=\"elementor-element elementor-element-535c31d5 e-con-full e-flex e-con e-child\" data-id=\"535c31d5\" data-element_type=\"container\" data-e-type=\"container\" data-settings=\"{&quot;background_background&quot;:&quot;classic&quot;}\">\n\t\t\t\t<div class=\"elementor-element elementor-element-59c80eed elementor-widget elementor-widget-image\" data-id=\"59c80eed\" data-element_type=\"widget\" data-e-type=\"widget\" data-widget_type=\"image.default\">\n\t\t\t\t<div class=\"elementor-widget-container\">\n\t\t\t\t\t\t\t\t\t\t\t\t\t\t\t<img loading=\"lazy\" decoding=\"async\" width=\"452\" height=\"617\" src=\"https:\/\/monstersdream.com\/wp-content\/uploads\/2025\/02\/dowodca-wojsk.png\" class=\"attachment-full size-full wp-image-599\" alt=\"\" srcset=\"https:\/\/monstersdream.com\/wp-content\/uploads\/2025\/02\/dowodca-wojsk.png 452w, https:\/\/monstersdream.com\/wp-content\/uploads\/2025\/02\/dowodca-wojsk-220x300.png 220w\" sizes=\"(max-width: 452px) 100vw, 452px\" \/>\t\t\t\t\t\t\t\t\t\t\t\t\t\t\t<\/div>\n\t\t\t\t<\/div>\n\t\t\t\t<div class=\"elementor-element elementor-element-8298857 elementor-widget elementor-widget-heading\" data-id=\"8298857\" data-element_type=\"widget\" data-e-type=\"widget\" data-widget_type=\"heading.default\">\n\t\t\t\t<div class=\"elementor-widget-container\">\n\t\t\t\t\t<h4 class=\"elementor-heading-title elementor-size-default\">Military commanders<\/h4>\t\t\t\t<\/div>\n\t\t\t\t<\/div>\n\t\t\t\t<div class=\"elementor-element elementor-element-3af948ee elementor-widget elementor-widget-text-editor\" data-id=\"3af948ee\" data-element_type=\"widget\" data-e-type=\"widget\" data-widget_type=\"text-editor.default\">\n\t\t\t\t<div class=\"elementor-widget-container\">\n\t\t\t\t\t\t\t\t\tThey will lead your troops into battle. Commanders are invaluable when it comes to fighting battles or sieges.\t\t\t\t\t\t\t\t<\/div>\n\t\t\t\t<\/div>\n\t\t\t\t<\/div>\n\t\t\t\t\t<\/div>\n\t\t\t\t<\/div>\n\t\t<div class=\"elementor-element elementor-element-7369f18a e-flex e-con-boxed e-con e-parent\" data-id=\"7369f18a\" data-element_type=\"container\" data-e-type=\"container\" data-settings=\"{&quot;background_background&quot;:&quot;classic&quot;}\">\n\t\t\t\t\t<div class=\"e-con-inner\">\n\t\t<div class=\"elementor-element elementor-element-228c6b2 e-flex e-con-boxed elementor-invisible e-con e-child\" data-id=\"228c6b2\" data-element_type=\"container\" data-e-type=\"container\" data-settings=\"{&quot;background_background&quot;:&quot;gradient&quot;,&quot;animation&quot;:&quot;fadeInDown&quot;}\">\n\t\t\t\t\t<div class=\"e-con-inner\">\n\t\t\t\t<div class=\"elementor-element elementor-element-9d0a5e9 elementor-widget elementor-widget-heading\" data-id=\"9d0a5e9\" data-element_type=\"widget\" data-e-type=\"widget\" data-widget_type=\"heading.default\">\n\t\t\t\t<div class=\"elementor-widget-container\">\n\t\t\t\t\t<div class=\"elementor-heading-title elementor-size-default\">Fight, conquer, and listen to the whispers of darkness.<\/div>\t\t\t\t<\/div>\n\t\t\t\t<\/div>\n\t\t\t\t<div class=\"elementor-element elementor-element-54e4fb2f elementor-widget elementor-widget-heading\" data-id=\"54e4fb2f\" data-element_type=\"widget\" data-e-type=\"widget\" data-widget_type=\"heading.default\">\n\t\t\t\t<div class=\"elementor-widget-container\">\n\t\t\t\t\t<div class=\"elementor-heading-title elementor-size-default\">Lead your army to victory. But beware\u2014something unsettling may happen in any of your villages or castles. When night falls, powerful magic and ancient beliefs come to the fore.<\/div>\t\t\t\t<\/div>\n\t\t\t\t<\/div>\n\t\t\t\t<div class=\"elementor-element elementor-element-2188b841 elementor-align-center elementor-widget elementor-widget-button\" data-id=\"2188b841\" data-element_type=\"widget\" data-e-type=\"widget\" data-widget_type=\"button.default\">\n\t\t\t\t<div class=\"elementor-widget-container\">\n\t\t\t\t\t\t\t\t\t<div class=\"elementor-button-wrapper\">\n\t\t\t\t\t<a class=\"elementor-button elementor-button-link elementor-size-md\" href=\"https:\/\/monstersdream.com\/en\/our-shop\/\">\n\t\t\t\t\t\t<span class=\"elementor-button-content-wrapper\">\n\t\t\t\t\t\t\t\t\t<span class=\"elementor-button-text\">BUY THE GAME<\/span>\n\t\t\t\t\t<\/span>\n\t\t\t\t\t<\/a>\n\t\t\t\t<\/div>\n\t\t\t\t\t\t\t\t<\/div>\n\t\t\t\t<\/div>\n\t\t\t\t\t<\/div>\n\t\t\t\t<\/div>\n\t\t\t\t\t<\/div>\n\t\t\t\t<\/div>\n\t\t\t\t<\/div>","protected":false},"excerpt":{"rendered":"<p>Monster\u2019s Dream Autorski system RPG Wejd\u017a do \u015bwiata Monster\u2019s Dream Monster\u2019s Dream to wielowarstwowa, mroczna opowie\u015b\u0107 stawiaj\u0105ca bohatera przed wieloma wyborami. Gracz sam decyduje, za kt\u00f3r\u0105 stron\u0105 konfliktu si\u0119 opowie i jak\u0105 rol\u0119 w nim odegra. Bardzo du\u017ce znaczenie ma podr\u00f3\u017c do ja\u017ani, w kt\u00f3rej czaj\u0105 si\u0119 demony i liczne stwory. Zjadacze Wspomnie\u0144 potrafi\u0105 si\u0119 [&hellip;]<\/p>","protected":false},"author":1,"featured_media":0,"parent":0,"menu_order":0,"comment_status":"closed","ping_status":"closed","template":"","meta":{"footnotes":""},"class_list":["post-295","page","type-page","status-publish","hentry"],"_links":{"self":[{"href":"https:\/\/monstersdream.com\/en\/wp-json\/wp\/v2\/pages\/295","targetHints":{"allow":["GET"]}}],"collection":[{"href":"https:\/\/monstersdream.com\/en\/wp-json\/wp\/v2\/pages"}],"about":[{"href":"https:\/\/monstersdream.com\/en\/wp-json\/wp\/v2\/types\/page"}],"author":[{"embeddable":true,"href":"https:\/\/monstersdream.com\/en\/wp-json\/wp\/v2\/users\/1"}],"replies":[{"embeddable":true,"href":"https:\/\/monstersdream.com\/en\/wp-json\/wp\/v2\/comments?post=295"}],"version-history":[{"count":70,"href":"https:\/\/monstersdream.com\/en\/wp-json\/wp\/v2\/pages\/295\/revisions"}],"predecessor-version":[{"id":998,"href":"https:\/\/monstersdream.com\/en\/wp-json\/wp\/v2\/pages\/295\/revisions\/998"}],"wp:attachment":[{"href":"https:\/\/monstersdream.com\/en\/wp-json\/wp\/v2\/media?parent=295"}],"curies":[{"name":"wp","href":"https:\/\/api.w.org\/{rel}","templated":true}]}}